{"id":99,"date":"2021-05-14T15:27:24","date_gmt":"2021-05-14T15:27:24","guid":{"rendered":"https:\/\/zlik.design\/bpc\/?page_id=99"},"modified":"2021-06-08T21:59:36","modified_gmt":"2021-06-08T21:59:36","slug":"our-teachers","status":"publish","type":"page","link":"https:\/\/brooklynpeace.center\/es\/about\/our-teachers\/","title":{"rendered":"Nuestros Maestros"},"content":{"rendered":"<div class=\"wpb-content-wrapper\"><div class=\"vc-row-container row-stretch\"><div data-vc-full-width=\"true\"  data-vc-full-width-init=\"false\" class=\"vc_row wpb_row vc_row-fluid vc_custom_1622748848990 vc_row-has-fill\"><div class=\"bird-banner-col wpb_column vc_column_container vc_col-sm-12\"><div class=\"vc_column-inner\"><div class=\"wpb_wrapper\"><h1 style=\"color: #1d4289;text-align: center\" class=\"vc_custom_heading vc_do_custom_heading page-title vc_custom_1621020933439\" >Nuestros Maestros<\/h1><\/div><\/div><\/div><\/div><\/div><div class=\"vc-row-container container\"><div class=\"vc_row wpb_row vc_row-fluid vc_custom_1620660095939\"><div class=\"wpb_column vc_column_container vc_col-sm-2\"><div class=\"vc_column-inner\"><div class=\"wpb_wrapper\"><\/div><\/div><\/div><div class=\"wpb_column vc_column_container vc_col-sm-8\"><div class=\"vc_column-inner\"><div class=\"wpb_wrapper\">\n\t<div class=\"wpb_text_column wpb_content_element vc_custom_1622484058598\" >\n\t\t<div class=\"wpb_wrapper\">\n\t\t\t<p>El enfoque pedag\u00f3gico de Brooklyn Peace Center para la consolidaci\u00f3n de la paz es interseccional y contextual. Los maestros dirigen talleres y seminarios sobre temas relacionados con la concientizaci\u00f3n sobre el trauma y la construcci\u00f3n de resiliencia, problemas de paz y conflicto local\/global (hist\u00f3ricos y contempor\u00e1neos), antiviolencia y antirracismo, y m\u00e1s.<\/p>\n\n\t\t<\/div>\n\t<\/div>\n\n\t<div class=\"wpb_text_column wpb_content_element vc_custom_1622764181205\" >\n\t\t<div class=\"wpb_wrapper\">\n\t\t\t<p style=\"text-align: center;\"><strong>Pr\u00f3ximamente, en breve, pronto<\/strong><\/p>\n<p style=\"text-align: center;\">Informaci\u00f3n adicional sobre el profesorado. \u00a1Todav\u00eda estamos trabajando en esto!<\/p>\n\n\t\t<\/div>\n\t<\/div>\n<\/div><\/div><\/div><div class=\"wpb_column vc_column_container vc_col-sm-2\"><div class=\"vc_column-inner\"><div class=\"wpb_wrapper\"><\/div><\/div><\/div><\/div><\/div><div class=\"vc-row-container container\"><div class=\"vc_row wpb_row vc_row-fluid\"><div class=\"wpb_column vc_column_container vc_col-sm-12\"><div class=\"vc_column-inner\"><div class=\"wpb_wrapper\"><\/div><\/div><\/div><\/div><\/div>\n<\/div>","protected":false},"excerpt":{"rendered":"Our Teachers Brooklyn Peace Center\u2019s pedagogical approach to peacebuilding is intersectional and contextual. Teachers lead workshops and seminars on topics related to trauma awareness and resilience-building, issues in local\/global peace and conflict (historical and contemporary), antiviolence and antiracism, and more. Coming Soon Additional information on teaching staff. We're still working on this!","protected":false},"author":2,"featured_media":0,"parent":25,"menu_order":0,"comment_status":"closed","ping_status":"closed","template":"","meta":{"_acf_changed":false,"footnotes":""},"class_list":["post-99","page","type-page","status-publish","hentry"],"acf":[],"yoast_head":"<!-- This site is optimized with the Yoast SEO plugin v27.3 - https:\/\/yoast.com\/product\/yoast-seo-wordpress\/ -->\n<title>Our Teachers - Brooklyn Peace Center<\/title>\n<meta name=\"robots\" content=\"index, follow, max-snippet:-1, max-image-preview:large, max-video-preview:-1\" \/>\n<link rel=\"canonical\" href=\"https:\/\/brooklynpeace.center\/es\/about\/our-teachers\/\" \/>\n<meta property=\"og:locale\" content=\"es_ES\" \/>\n<meta property=\"og:type\" content=\"article\" \/>\n<meta property=\"og:title\" content=\"Our Teachers - Brooklyn Peace Center\" \/>\n<meta property=\"og:url\" content=\"https:\/\/brooklynpeace.center\/es\/about\/our-teachers\/\" \/>\n<meta property=\"og:site_name\" content=\"Brooklyn Peace Center\" \/>\n<meta property=\"article:modified_time\" content=\"2021-06-08T21:59:36+00:00\" \/>\n<meta name=\"twitter:card\" content=\"summary_large_image\" \/>\n<meta name=\"twitter:label1\" content=\"Est. reading time\" \/>\n\t<meta name=\"twitter:data1\" content=\"1 minuto\" \/>\n<script type=\"application\/ld+json\" class=\"yoast-schema-graph\">{\"@context\":\"https:\\\/\\\/schema.org\",\"@graph\":[{\"@type\":\"WebPage\",\"@id\":\"https:\\\/\\\/brooklynpeace.center\\\/about\\\/our-teachers\\\/\",\"url\":\"https:\\\/\\\/brooklynpeace.center\\\/about\\\/our-teachers\\\/\",\"name\":\"Our Teachers - Brooklyn Peace Center\",\"isPartOf\":{\"@id\":\"https:\\\/\\\/brooklynpeace.center\\\/#website\"},\"datePublished\":\"2021-05-14T15:27:24+00:00\",\"dateModified\":\"2021-06-08T21:59:36+00:00\",\"breadcrumb\":{\"@id\":\"https:\\\/\\\/brooklynpeace.center\\\/about\\\/our-teachers\\\/#breadcrumb\"},\"inLanguage\":\"es\",\"potentialAction\":[{\"@type\":\"ReadAction\",\"target\":[\"https:\\\/\\\/brooklynpeace.center\\\/about\\\/our-teachers\\\/\"]}]},{\"@type\":\"BreadcrumbList\",\"@id\":\"https:\\\/\\\/brooklynpeace.center\\\/about\\\/our-teachers\\\/#breadcrumb\",\"itemListElement\":[{\"@type\":\"ListItem\",\"position\":1,\"name\":\"Home\",\"item\":\"https:\\\/\\\/brooklynpeace.center\\\/\"},{\"@type\":\"ListItem\",\"position\":2,\"name\":\"About\",\"item\":\"https:\\\/\\\/brooklynpeace.center\\\/about\\\/\"},{\"@type\":\"ListItem\",\"position\":3,\"name\":\"Our Teachers\"}]},{\"@type\":\"WebSite\",\"@id\":\"https:\\\/\\\/brooklynpeace.center\\\/#website\",\"url\":\"https:\\\/\\\/brooklynpeace.center\\\/\",\"name\":\"Brooklyn Peace Center\",\"description\":\"Promoting Peace Everywhere\",\"potentialAction\":[{\"@type\":\"SearchAction\",\"target\":{\"@type\":\"EntryPoint\",\"urlTemplate\":\"https:\\\/\\\/brooklynpeace.center\\\/?s={search_term_string}\"},\"query-input\":{\"@type\":\"PropertyValueSpecification\",\"valueRequired\":true,\"valueName\":\"search_term_string\"}}],\"inLanguage\":\"es\"}]}<\/script>\n<!-- \/ Yoast SEO plugin. -->","yoast_head_json":{"title":"Our Teachers - Brooklyn Peace Center","robots":{"index":"index","follow":"follow","max-snippet":"max-snippet:-1","max-image-preview":"max-image-preview:large","max-video-preview":"max-video-preview:-1"},"canonical":"https:\/\/brooklynpeace.center\/es\/about\/our-teachers\/","og_locale":"es_ES","og_type":"article","og_title":"Our Teachers - Brooklyn Peace Center","og_url":"https:\/\/brooklynpeace.center\/es\/about\/our-teachers\/","og_site_name":"Brooklyn Peace Center","article_modified_time":"2021-06-08T21:59:36+00:00","twitter_card":"summary_large_image","twitter_misc":{"Est. reading time":"1 minuto"},"schema":{"@context":"https:\/\/schema.org","@graph":[{"@type":"WebPage","@id":"https:\/\/brooklynpeace.center\/about\/our-teachers\/","url":"https:\/\/brooklynpeace.center\/about\/our-teachers\/","name":"Our Teachers - Brooklyn Peace Center","isPartOf":{"@id":"https:\/\/brooklynpeace.center\/#website"},"datePublished":"2021-05-14T15:27:24+00:00","dateModified":"2021-06-08T21:59:36+00:00","breadcrumb":{"@id":"https:\/\/brooklynpeace.center\/about\/our-teachers\/#breadcrumb"},"inLanguage":"es","potentialAction":[{"@type":"ReadAction","target":["https:\/\/brooklynpeace.center\/about\/our-teachers\/"]}]},{"@type":"BreadcrumbList","@id":"https:\/\/brooklynpeace.center\/about\/our-teachers\/#breadcrumb","itemListElement":[{"@type":"ListItem","position":1,"name":"Home","item":"https:\/\/brooklynpeace.center\/"},{"@type":"ListItem","position":2,"name":"About","item":"https:\/\/brooklynpeace.center\/about\/"},{"@type":"ListItem","position":3,"name":"Our Teachers"}]},{"@type":"WebSite","@id":"https:\/\/brooklynpeace.center\/#website","url":"https:\/\/brooklynpeace.center\/","name":"Brooklyn Peace Center","description":"Promoting Peace Everywhere","potentialAction":[{"@type":"SearchAction","target":{"@type":"EntryPoint","urlTemplate":"https:\/\/brooklynpeace.center\/?s={search_term_string}"},"query-input":{"@type":"PropertyValueSpecification","valueRequired":true,"valueName":"search_term_string"}}],"inLanguage":"es"}]}},"_links":{"self":[{"href":"https:\/\/brooklynpeace.center\/es\/wp-json\/wp\/v2\/pages\/99","targetHints":{"allow":["GET"]}}],"collection":[{"href":"https:\/\/brooklynpeace.center\/es\/wp-json\/wp\/v2\/pages"}],"about":[{"href":"https:\/\/brooklynpeace.center\/es\/wp-json\/wp\/v2\/types\/page"}],"author":[{"embeddable":true,"href":"https:\/\/brooklynpeace.center\/es\/wp-json\/wp\/v2\/users\/2"}],"replies":[{"embeddable":true,"href":"https:\/\/brooklynpeace.center\/es\/wp-json\/wp\/v2\/comments?post=99"}],"version-history":[{"count":4,"href":"https:\/\/brooklynpeace.center\/es\/wp-json\/wp\/v2\/pages\/99\/revisions"}],"predecessor-version":[{"id":410,"href":"https:\/\/brooklynpeace.center\/es\/wp-json\/wp\/v2\/pages\/99\/revisions\/410"}],"up":[{"embeddable":true,"href":"https:\/\/brooklynpeace.center\/es\/wp-json\/wp\/v2\/pages\/25"}],"wp:attachment":[{"href":"https:\/\/brooklynpeace.center\/es\/wp-json\/wp\/v2\/media?parent=99"}],"curies":[{"name":"wp","href":"https:\/\/api.w.org\/{rel}","templated":true}]}}