{"id":96,"date":"2021-05-14T15:06:59","date_gmt":"2021-05-14T15:06:59","guid":{"rendered":"https:\/\/zlik.design\/bpc\/?page_id=96"},"modified":"2021-06-08T21:59:07","modified_gmt":"2021-06-08T21:59:07","slug":"what-we-do","status":"publish","type":"page","link":"https:\/\/brooklynpeace.center\/es\/about\/what-we-do\/","title":{"rendered":"Lo Que Hacemos"},"content":{"rendered":"<div class=\"wpb-content-wrapper\"><div class=\"vc-row-container row-stretch\"><div data-vc-full-width=\"true\"  data-vc-full-width-init=\"false\" class=\"vc_row wpb_row vc_row-fluid vc_custom_1622736827988 vc_row-has-fill\"><div class=\"bird-banner-col wpb_column vc_column_container vc_col-sm-12\"><div class=\"vc_column-inner\"><div class=\"wpb_wrapper\"><h1 style=\"color: #1d4289;text-align: center\" class=\"vc_custom_heading vc_do_custom_heading page-title add-text-shadow vc_custom_1622764485882\" >Lo Que Hacemos<\/h1><\/div><\/div><\/div><\/div><\/div><div class=\"vc-row-container container\"><div class=\"vc_row wpb_row vc_row-fluid vc_custom_1620660095939\"><div class=\"wpb_column vc_column_container vc_col-sm-2\"><div class=\"vc_column-inner\"><div class=\"wpb_wrapper\"><\/div><\/div><\/div><div class=\"wpb_column vc_column_container vc_col-sm-8\"><div class=\"vc_column-inner\"><div class=\"wpb_wrapper\">\n\t<div class=\"wpb_text_column wpb_content_element\" >\n\t\t<div class=\"wpb_wrapper\">\n\t\t\t<p>Brooklyn Peace Center brinda oportunidades experimentales para desarrollar habilidades en la consolidaci\u00f3n de la paz y la transformaci\u00f3n de conflictos. Nuestro objetivo es que a trav\u00e9s del trabajo individual y colectivo, las personas y las comunidades, dotadas de las habilidades y experiencias para transformar las injusticias personales y sist\u00e9micas, construyan juntos un mundo lleno de paz.<\/p>\n<p>La educaci\u00f3n es fundamental para la transformaci\u00f3n personal y social. El enfoque pedag\u00f3gico de Brooklyn Peace Center para la consolidaci\u00f3n de la paz es interseccional y contextual. Preguntas de conducci\u00f3n:\u00a0<em>\u00bfC\u00f3mo es la consolidaci\u00f3n de la paz en Brooklyn?<\/em>\u00a0<em>\u00bfPara qui\u00e9n es esta paz? \u00bfC\u00f3mo sucede la paz entre nosotros?<\/em><\/p>\n<p>A trav\u00e9s de di\u00e1logos comunitarios, talleres, seminarios y eventos de arte y cultura, los temas del Brooklyn Peace Center incluyen: trabajo contra la violencia, modelos de justicia restaurativa, desarrollo de habilidades interpersonales que facilitan relaciones pac\u00edficas y brindar una comprensi\u00f3n fundamental en la conciencia del trauma y el desarrollo de la resiliencia.<\/p>\n\n\t\t<\/div>\n\t<\/div>\n<\/div><\/div><\/div><div class=\"wpb_column vc_column_container vc_col-sm-2\"><div class=\"vc_column-inner\"><div class=\"wpb_wrapper\"><\/div><\/div><\/div><\/div><\/div>\n<\/div>","protected":false},"excerpt":{"rendered":"What We Do Brooklyn Peace Center provides experiential opportunities for developing skills in peacebuilding and conflict transformation. Our aim is that through individual and collective work, persons and communities, equipped with the skills and experiences to transform personal and systemic injustices, build a peace-full world together. Education is essential to personal and social transformation. Brooklyn&hellip;","protected":false},"author":2,"featured_media":0,"parent":25,"menu_order":0,"comment_status":"closed","ping_status":"closed","template":"","meta":{"_acf_changed":false,"footnotes":""},"class_list":["post-96","page","type-page","status-publish","hentry"],"acf":[],"yoast_head":"<!-- This site is optimized with the Yoast SEO plugin v27.3 - https:\/\/yoast.com\/product\/yoast-seo-wordpress\/ -->\n<title>What We Do - Brooklyn Peace Center<\/title>\n<meta name=\"robots\" content=\"index, follow, max-snippet:-1, max-image-preview:large, max-video-preview:-1\" \/>\n<link rel=\"canonical\" href=\"https:\/\/brooklynpeace.center\/es\/about\/what-we-do\/\" \/>\n<meta property=\"og:locale\" content=\"es_ES\" \/>\n<meta property=\"og:type\" content=\"article\" \/>\n<meta property=\"og:title\" content=\"What We Do - Brooklyn Peace Center\" \/>\n<meta property=\"og:url\" content=\"https:\/\/brooklynpeace.center\/es\/about\/what-we-do\/\" \/>\n<meta property=\"og:site_name\" content=\"Brooklyn Peace Center\" \/>\n<meta property=\"article:modified_time\" content=\"2021-06-08T21:59:07+00:00\" \/>\n<meta name=\"twitter:card\" content=\"summary_large_image\" \/>\n<meta name=\"twitter:label1\" content=\"Est. reading time\" \/>\n\t<meta name=\"twitter:data1\" content=\"1 minuto\" \/>\n<script type=\"application\/ld+json\" class=\"yoast-schema-graph\">{\"@context\":\"https:\\\/\\\/schema.org\",\"@graph\":[{\"@type\":\"WebPage\",\"@id\":\"https:\\\/\\\/brooklynpeace.center\\\/about\\\/what-we-do\\\/\",\"url\":\"https:\\\/\\\/brooklynpeace.center\\\/about\\\/what-we-do\\\/\",\"name\":\"What We Do - Brooklyn Peace Center\",\"isPartOf\":{\"@id\":\"https:\\\/\\\/brooklynpeace.center\\\/#website\"},\"datePublished\":\"2021-05-14T15:06:59+00:00\",\"dateModified\":\"2021-06-08T21:59:07+00:00\",\"breadcrumb\":{\"@id\":\"https:\\\/\\\/brooklynpeace.center\\\/about\\\/what-we-do\\\/#breadcrumb\"},\"inLanguage\":\"es\",\"potentialAction\":[{\"@type\":\"ReadAction\",\"target\":[\"https:\\\/\\\/brooklynpeace.center\\\/about\\\/what-we-do\\\/\"]}]},{\"@type\":\"BreadcrumbList\",\"@id\":\"https:\\\/\\\/brooklynpeace.center\\\/about\\\/what-we-do\\\/#breadcrumb\",\"itemListElement\":[{\"@type\":\"ListItem\",\"position\":1,\"name\":\"Home\",\"item\":\"https:\\\/\\\/brooklynpeace.center\\\/\"},{\"@type\":\"ListItem\",\"position\":2,\"name\":\"About\",\"item\":\"https:\\\/\\\/brooklynpeace.center\\\/about\\\/\"},{\"@type\":\"ListItem\",\"position\":3,\"name\":\"What We Do\"}]},{\"@type\":\"WebSite\",\"@id\":\"https:\\\/\\\/brooklynpeace.center\\\/#website\",\"url\":\"https:\\\/\\\/brooklynpeace.center\\\/\",\"name\":\"Brooklyn Peace Center\",\"description\":\"Promoting Peace Everywhere\",\"potentialAction\":[{\"@type\":\"SearchAction\",\"target\":{\"@type\":\"EntryPoint\",\"urlTemplate\":\"https:\\\/\\\/brooklynpeace.center\\\/?s={search_term_string}\"},\"query-input\":{\"@type\":\"PropertyValueSpecification\",\"valueRequired\":true,\"valueName\":\"search_term_string\"}}],\"inLanguage\":\"es\"}]}<\/script>\n<!-- \/ Yoast SEO plugin. -->","yoast_head_json":{"title":"What We Do - Brooklyn Peace Center","robots":{"index":"index","follow":"follow","max-snippet":"max-snippet:-1","max-image-preview":"max-image-preview:large","max-video-preview":"max-video-preview:-1"},"canonical":"https:\/\/brooklynpeace.center\/es\/about\/what-we-do\/","og_locale":"es_ES","og_type":"article","og_title":"What We Do - Brooklyn Peace Center","og_url":"https:\/\/brooklynpeace.center\/es\/about\/what-we-do\/","og_site_name":"Brooklyn Peace Center","article_modified_time":"2021-06-08T21:59:07+00:00","twitter_card":"summary_large_image","twitter_misc":{"Est. reading time":"1 minuto"},"schema":{"@context":"https:\/\/schema.org","@graph":[{"@type":"WebPage","@id":"https:\/\/brooklynpeace.center\/about\/what-we-do\/","url":"https:\/\/brooklynpeace.center\/about\/what-we-do\/","name":"What We Do - Brooklyn Peace Center","isPartOf":{"@id":"https:\/\/brooklynpeace.center\/#website"},"datePublished":"2021-05-14T15:06:59+00:00","dateModified":"2021-06-08T21:59:07+00:00","breadcrumb":{"@id":"https:\/\/brooklynpeace.center\/about\/what-we-do\/#breadcrumb"},"inLanguage":"es","potentialAction":[{"@type":"ReadAction","target":["https:\/\/brooklynpeace.center\/about\/what-we-do\/"]}]},{"@type":"BreadcrumbList","@id":"https:\/\/brooklynpeace.center\/about\/what-we-do\/#breadcrumb","itemListElement":[{"@type":"ListItem","position":1,"name":"Home","item":"https:\/\/brooklynpeace.center\/"},{"@type":"ListItem","position":2,"name":"About","item":"https:\/\/brooklynpeace.center\/about\/"},{"@type":"ListItem","position":3,"name":"What We Do"}]},{"@type":"WebSite","@id":"https:\/\/brooklynpeace.center\/#website","url":"https:\/\/brooklynpeace.center\/","name":"Brooklyn Peace Center","description":"Promoting Peace Everywhere","potentialAction":[{"@type":"SearchAction","target":{"@type":"EntryPoint","urlTemplate":"https:\/\/brooklynpeace.center\/?s={search_term_string}"},"query-input":{"@type":"PropertyValueSpecification","valueRequired":true,"valueName":"search_term_string"}}],"inLanguage":"es"}]}},"_links":{"self":[{"href":"https:\/\/brooklynpeace.center\/es\/wp-json\/wp\/v2\/pages\/96","targetHints":{"allow":["GET"]}}],"collection":[{"href":"https:\/\/brooklynpeace.center\/es\/wp-json\/wp\/v2\/pages"}],"about":[{"href":"https:\/\/brooklynpeace.center\/es\/wp-json\/wp\/v2\/types\/page"}],"author":[{"embeddable":true,"href":"https:\/\/brooklynpeace.center\/es\/wp-json\/wp\/v2\/users\/2"}],"replies":[{"embeddable":true,"href":"https:\/\/brooklynpeace.center\/es\/wp-json\/wp\/v2\/comments?post=96"}],"version-history":[{"count":5,"href":"https:\/\/brooklynpeace.center\/es\/wp-json\/wp\/v2\/pages\/96\/revisions"}],"predecessor-version":[{"id":409,"href":"https:\/\/brooklynpeace.center\/es\/wp-json\/wp\/v2\/pages\/96\/revisions\/409"}],"up":[{"embeddable":true,"href":"https:\/\/brooklynpeace.center\/es\/wp-json\/wp\/v2\/pages\/25"}],"wp:attachment":[{"href":"https:\/\/brooklynpeace.center\/es\/wp-json\/wp\/v2\/media?parent=96"}],"curies":[{"name":"wp","href":"https:\/\/api.w.org\/{rel}","templated":true}]}}