{"id":125,"date":"2021-05-14T16:58:08","date_gmt":"2021-05-14T16:58:08","guid":{"rendered":"https:\/\/zlik.design\/bpc\/?page_id=125"},"modified":"2021-06-08T21:57:33","modified_gmt":"2021-06-08T21:57:33","slug":"teaching-peace","status":"publish","type":"page","link":"https:\/\/brooklynpeace.center\/es\/programs\/teaching-peace\/","title":{"rendered":"Ense\u00f1ando la paz"},"content":{"rendered":"<div class=\"wpb-content-wrapper\"><div class=\"vc-row-container row-stretch\"><div data-vc-full-width=\"true\"  data-vc-full-width-init=\"false\" class=\"vc_row wpb_row vc_row-fluid vc_custom_1622749040122 vc_row-has-fill\"><div class=\"home-banner-col wpb_column vc_column_container vc_col-sm-12\"><div class=\"vc_column-inner\"><div class=\"wpb_wrapper\"><h1 style=\"color: #ffffff;text-align: center\" class=\"vc_custom_heading vc_do_custom_heading page-title vc_custom_1622505906090\" >Ense\u00f1ando la paz<\/h1><\/div><\/div><\/div><\/div><\/div><div class=\"vc-row-container container\"><div class=\"vc_row wpb_row vc_row-fluid vc_custom_1620660095939\"><div class=\"wpb_column vc_column_container vc_col-sm-2\"><div class=\"vc_column-inner\"><div class=\"wpb_wrapper\"><\/div><\/div><\/div><div class=\"wpb_column vc_column_container vc_col-sm-8\"><div class=\"vc_column-inner\"><div class=\"wpb_wrapper\">\n\t<div class=\"wpb_text_column wpb_content_element\" >\n\t\t<div class=\"wpb_wrapper\">\n\t\t\t<p class=\"translation-block\">Teaching Peace es una serie de podcasts y seminarios web que destaca las voces l\u00edderes en el campo de la consolidaci\u00f3n de la paz y la transformaci\u00f3n de conflictos. Los invitados exploran diversas pedagog\u00edas de consolidaci\u00f3n de la paz de todas las disciplinas y contextos socioecon\u00f3micos y geogr\u00e1ficos.<\/p>\n<p>Los coanfitriones son Addie Banks y Jason Storbakken, y a menudo hay coanfitriones invitados. La serie analiza los \"por qu\u00e9\" y \"c\u00f3mo\" de la ense\u00f1anza de la paz en el siglo XXI. Entre los invitados se encontraban Leymah Gbowee, Premio Nobel de la Paz, el te\u00f3logo y especialista en \u00e9tica Stanley Hauerwas, y Emma Jordan Simpson, directora ejecutiva de Fellowship of Reconciliation.<\/p>\n\n\t\t<\/div>\n\t<\/div>\n<div class=\"vc_row wpb_row vc_inner vc_row-fluid vc_custom_1622496935347 vc_row-has-fill\"><div class=\"wpb_column vc_column_container vc_col-sm-6\"><div class=\"vc_column-inner\"><div class=\"wpb_wrapper\">\n\t<div class=\"wpb_text_column wpb_content_element\" >\n\t\t<div class=\"wpb_wrapper\">\n\t\t\t<h3 style=\"text-align: center;\" class=\"translation-block\">Brooklyn Peace Center<br>\r\nYouTube Channel<\/h3>\n<p><a href=\"https:\/\/www.youtube.com\/brooklynpeacecenter\"><img loading=\"lazy\" decoding=\"async\" class=\"aligncenter wp-image-249 size-full\" style=\"padding: 35px 0;\" src=\"https:\/\/brooklynpeace.center\/wp-content\/uploads\/2021\/05\/YouTube-logo-e1622494736289.png\" alt=\"\" width=\"208\" height=\"138\" \/><\/a><\/p>\n<p>\u00a1Vea lo \u00faltimo en nuestro canal de YouTube y aseg\u00farese de cont\u00e1rselo a sus amigos!<\/p>\n\n\t\t<\/div>\n\t<\/div>\n<\/div><\/div><\/div><div class=\"wpb_column vc_column_container vc_col-sm-6\"><div class=\"vc_column-inner\"><div class=\"wpb_wrapper\">\n\t<div class=\"wpb_text_column wpb_content_element\" >\n\t\t<div class=\"wpb_wrapper\">\n\t\t\t<h3 style=\"text-align: center;\" class=\"translation-block\">Brooklyn Peace Center<br>\r\nPodcast<\/h3>\n<p><a href=\"https:\/\/podcasts.apple.com\/us\/podcast\/brooklyn-peace-center\/id1516525884\"><img loading=\"lazy\" decoding=\"async\" class=\"aligncenter wp-image-260\" style=\"padding: 35px 0;\" src=\"https:\/\/brooklynpeace.center\/wp-content\/uploads\/2021\/05\/just-dovey.fw_.png\" alt=\"\" width=\"138\" height=\"138\" srcset=\"https:\/\/brooklynpeace.center\/wp-content\/uploads\/2021\/05\/just-dovey.fw_.png 208w, https:\/\/brooklynpeace.center\/wp-content\/uploads\/2021\/05\/just-dovey.fw_-150x150.png 150w\" sizes=\"auto, (max-width: 138px) 100vw, 138px\" \/><\/a><\/p>\n<p>Conversaciones sobre construcci\u00f3n de paz con profesionales y l\u00edderes en el campo. \u00a1Aseg\u00farate de escuchar y suscribirte!<\/p>\n\n\t\t<\/div>\n\t<\/div>\n<\/div><\/div><\/div><\/div><div class=\"vc_row wpb_row vc_inner vc_row-fluid vc_custom_1622496935347 vc_row-has-fill\"><div class=\"wpb_column vc_column_container vc_col-sm-6\"><div class=\"vc_column-inner\"><div class=\"wpb_wrapper\">\n\t<div  class=\"wpb_single_image wpb_content_element vc_align_left wpb_content_element\">\n\t\t\n\t\t<figure class=\"wpb_wrapper vc_figure\">\n\t\t\t<div class=\"vc_single_image-wrapper   vc_box_border_grey\"><img loading=\"lazy\" decoding=\"async\" width=\"1381\" height=\"744\" src=\"https:\/\/brooklynpeace.center\/wp-content\/uploads\/2021\/06\/podcast-w-EmmaJordanSimpson.jpg\" class=\"vc_single_image-img attachment-full\" alt=\"YouTube video snapshot of Emma Jordan Simpson\" title=\"YouTube with Emma Jordan Simpson\" srcset=\"https:\/\/brooklynpeace.center\/wp-content\/uploads\/2021\/06\/podcast-w-EmmaJordanSimpson.jpg 1381w, https:\/\/brooklynpeace.center\/wp-content\/uploads\/2021\/06\/podcast-w-EmmaJordanSimpson-300x162.jpg 300w, https:\/\/brooklynpeace.center\/wp-content\/uploads\/2021\/06\/podcast-w-EmmaJordanSimpson-1024x552.jpg 1024w, https:\/\/brooklynpeace.center\/wp-content\/uploads\/2021\/06\/podcast-w-EmmaJordanSimpson-768x414.jpg 768w, https:\/\/brooklynpeace.center\/wp-content\/uploads\/2021\/06\/podcast-w-EmmaJordanSimpson-1116x601.jpg 1116w, https:\/\/brooklynpeace.center\/wp-content\/uploads\/2021\/06\/podcast-w-EmmaJordanSimpson-806x434.jpg 806w, https:\/\/brooklynpeace.center\/wp-content\/uploads\/2021\/06\/podcast-w-EmmaJordanSimpson-558x301.jpg 558w, https:\/\/brooklynpeace.center\/wp-content\/uploads\/2021\/06\/podcast-w-EmmaJordanSimpson-655x353.jpg 655w\" sizes=\"auto, (max-width: 1381px) 100vw, 1381px\" \/><\/div>\n\t\t<\/figure>\n\t<\/div>\n<\/div><\/div><\/div><div class=\"wpb_column vc_column_container vc_col-sm-6\"><div class=\"vc_column-inner\"><div class=\"wpb_wrapper\">\n\t<div  class=\"wpb_single_image wpb_content_element vc_align_left wpb_content_element\">\n\t\t\n\t\t<figure class=\"wpb_wrapper vc_figure\">\n\t\t\t<div class=\"vc_single_image-wrapper   vc_box_border_grey\"><img loading=\"lazy\" decoding=\"async\" width=\"1381\" height=\"744\" src=\"https:\/\/brooklynpeace.center\/wp-content\/uploads\/2021\/06\/podcast-people2.jpg\" class=\"vc_single_image-img attachment-full\" alt=\"\" title=\"podcast-people2\" srcset=\"https:\/\/brooklynpeace.center\/wp-content\/uploads\/2021\/06\/podcast-people2.jpg 1381w, https:\/\/brooklynpeace.center\/wp-content\/uploads\/2021\/06\/podcast-people2-300x162.jpg 300w, https:\/\/brooklynpeace.center\/wp-content\/uploads\/2021\/06\/podcast-people2-1024x552.jpg 1024w, https:\/\/brooklynpeace.center\/wp-content\/uploads\/2021\/06\/podcast-people2-768x414.jpg 768w, https:\/\/brooklynpeace.center\/wp-content\/uploads\/2021\/06\/podcast-people2-1116x601.jpg 1116w, https:\/\/brooklynpeace.center\/wp-content\/uploads\/2021\/06\/podcast-people2-806x434.jpg 806w, https:\/\/brooklynpeace.center\/wp-content\/uploads\/2021\/06\/podcast-people2-558x301.jpg 558w, https:\/\/brooklynpeace.center\/wp-content\/uploads\/2021\/06\/podcast-people2-655x353.jpg 655w\" sizes=\"auto, (max-width: 1381px) 100vw, 1381px\" \/><\/div>\n\t\t<\/figure>\n\t<\/div>\n<\/div><\/div><\/div><\/div><\/div><\/div><\/div><div class=\"wpb_column vc_column_container vc_col-sm-2\"><div class=\"vc_column-inner\"><div class=\"wpb_wrapper\"><\/div><\/div><\/div><\/div><\/div>\n<\/div>","protected":false},"excerpt":{"rendered":"Teaching Peace Teaching Peace is a podcast and webinar series that spotlights leading voices in the field of peacebuilding and conflict transformation. Guests explore diverse pedagogies of peacebuilding from across disciplines and socio-economic and geographic contexts. The cohosts are Addie Banks and Jason Storbakken, and there are often guest cohosts. The series discusses the \u201cwhy\u2019s\u201d&hellip;","protected":false},"author":2,"featured_media":0,"parent":114,"menu_order":0,"comment_status":"closed","ping_status":"closed","template":"","meta":{"_acf_changed":false,"footnotes":""},"class_list":["post-125","page","type-page","status-publish","hentry"],"acf":[],"yoast_head":"<!-- This site is optimized with the Yoast SEO plugin v27.3 - https:\/\/yoast.com\/product\/yoast-seo-wordpress\/ -->\n<title>Teaching Peace - Brooklyn Peace Center<\/title>\n<meta name=\"robots\" content=\"index, follow, max-snippet:-1, max-image-preview:large, max-video-preview:-1\" \/>\n<link rel=\"canonical\" href=\"https:\/\/brooklynpeace.center\/es\/programs\/teaching-peace\/\" \/>\n<meta property=\"og:locale\" content=\"es_ES\" \/>\n<meta property=\"og:type\" content=\"article\" \/>\n<meta property=\"og:title\" content=\"Teaching Peace - Brooklyn Peace Center\" \/>\n<meta property=\"og:url\" content=\"https:\/\/brooklynpeace.center\/es\/programs\/teaching-peace\/\" \/>\n<meta property=\"og:site_name\" content=\"Brooklyn Peace Center\" \/>\n<meta property=\"article:modified_time\" content=\"2021-06-08T21:57:33+00:00\" \/>\n<meta property=\"og:image\" content=\"https:\/\/brooklynpeace.center\/wp-content\/uploads\/2021\/05\/YouTube-logo-e1622494736289.png\" \/>\n<meta name=\"twitter:card\" content=\"summary_large_image\" \/>\n<meta name=\"twitter:label1\" content=\"Est. reading time\" \/>\n\t<meta name=\"twitter:data1\" content=\"2 minutos\" \/>\n<script type=\"application\/ld+json\" class=\"yoast-schema-graph\">{\"@context\":\"https:\\\/\\\/schema.org\",\"@graph\":[{\"@type\":\"WebPage\",\"@id\":\"https:\\\/\\\/brooklynpeace.center\\\/programs\\\/teaching-peace\\\/\",\"url\":\"https:\\\/\\\/brooklynpeace.center\\\/programs\\\/teaching-peace\\\/\",\"name\":\"Teaching Peace - Brooklyn Peace Center\",\"isPartOf\":{\"@id\":\"https:\\\/\\\/brooklynpeace.center\\\/#website\"},\"primaryImageOfPage\":{\"@id\":\"https:\\\/\\\/brooklynpeace.center\\\/programs\\\/teaching-peace\\\/#primaryimage\"},\"image\":{\"@id\":\"https:\\\/\\\/brooklynpeace.center\\\/programs\\\/teaching-peace\\\/#primaryimage\"},\"thumbnailUrl\":\"https:\\\/\\\/brooklynpeace.center\\\/wp-content\\\/uploads\\\/2021\\\/05\\\/YouTube-logo-e1622494736289.png\",\"datePublished\":\"2021-05-14T16:58:08+00:00\",\"dateModified\":\"2021-06-08T21:57:33+00:00\",\"breadcrumb\":{\"@id\":\"https:\\\/\\\/brooklynpeace.center\\\/programs\\\/teaching-peace\\\/#breadcrumb\"},\"inLanguage\":\"es\",\"potentialAction\":[{\"@type\":\"ReadAction\",\"target\":[\"https:\\\/\\\/brooklynpeace.center\\\/programs\\\/teaching-peace\\\/\"]}]},{\"@type\":\"ImageObject\",\"inLanguage\":\"es\",\"@id\":\"https:\\\/\\\/brooklynpeace.center\\\/programs\\\/teaching-peace\\\/#primaryimage\",\"url\":\"https:\\\/\\\/brooklynpeace.center\\\/wp-content\\\/uploads\\\/2021\\\/05\\\/YouTube-logo-e1622494736289.png\",\"contentUrl\":\"https:\\\/\\\/brooklynpeace.center\\\/wp-content\\\/uploads\\\/2021\\\/05\\\/YouTube-logo-e1622494736289.png\"},{\"@type\":\"BreadcrumbList\",\"@id\":\"https:\\\/\\\/brooklynpeace.center\\\/programs\\\/teaching-peace\\\/#breadcrumb\",\"itemListElement\":[{\"@type\":\"ListItem\",\"position\":1,\"name\":\"Home\",\"item\":\"https:\\\/\\\/brooklynpeace.center\\\/\"},{\"@type\":\"ListItem\",\"position\":2,\"name\":\"Programs\",\"item\":\"https:\\\/\\\/brooklynpeace.center\\\/programs\\\/\"},{\"@type\":\"ListItem\",\"position\":3,\"name\":\"Teaching Peace\"}]},{\"@type\":\"WebSite\",\"@id\":\"https:\\\/\\\/brooklynpeace.center\\\/#website\",\"url\":\"https:\\\/\\\/brooklynpeace.center\\\/\",\"name\":\"Brooklyn Peace Center\",\"description\":\"Promoting Peace Everywhere\",\"potentialAction\":[{\"@type\":\"SearchAction\",\"target\":{\"@type\":\"EntryPoint\",\"urlTemplate\":\"https:\\\/\\\/brooklynpeace.center\\\/?s={search_term_string}\"},\"query-input\":{\"@type\":\"PropertyValueSpecification\",\"valueRequired\":true,\"valueName\":\"search_term_string\"}}],\"inLanguage\":\"es\"}]}<\/script>\n<!-- \/ Yoast SEO plugin. -->","yoast_head_json":{"title":"Teaching Peace - Brooklyn Peace Center","robots":{"index":"index","follow":"follow","max-snippet":"max-snippet:-1","max-image-preview":"max-image-preview:large","max-video-preview":"max-video-preview:-1"},"canonical":"https:\/\/brooklynpeace.center\/es\/programs\/teaching-peace\/","og_locale":"es_ES","og_type":"article","og_title":"Teaching Peace - Brooklyn Peace Center","og_url":"https:\/\/brooklynpeace.center\/es\/programs\/teaching-peace\/","og_site_name":"Brooklyn Peace Center","article_modified_time":"2021-06-08T21:57:33+00:00","og_image":[{"url":"https:\/\/brooklynpeace.center\/wp-content\/uploads\/2021\/05\/YouTube-logo-e1622494736289.png","type":"","width":"","height":""}],"twitter_card":"summary_large_image","twitter_misc":{"Est. reading time":"2 minutos"},"schema":{"@context":"https:\/\/schema.org","@graph":[{"@type":"WebPage","@id":"https:\/\/brooklynpeace.center\/programs\/teaching-peace\/","url":"https:\/\/brooklynpeace.center\/programs\/teaching-peace\/","name":"Teaching Peace - Brooklyn Peace Center","isPartOf":{"@id":"https:\/\/brooklynpeace.center\/#website"},"primaryImageOfPage":{"@id":"https:\/\/brooklynpeace.center\/programs\/teaching-peace\/#primaryimage"},"image":{"@id":"https:\/\/brooklynpeace.center\/programs\/teaching-peace\/#primaryimage"},"thumbnailUrl":"https:\/\/brooklynpeace.center\/wp-content\/uploads\/2021\/05\/YouTube-logo-e1622494736289.png","datePublished":"2021-05-14T16:58:08+00:00","dateModified":"2021-06-08T21:57:33+00:00","breadcrumb":{"@id":"https:\/\/brooklynpeace.center\/programs\/teaching-peace\/#breadcrumb"},"inLanguage":"es","potentialAction":[{"@type":"ReadAction","target":["https:\/\/brooklynpeace.center\/programs\/teaching-peace\/"]}]},{"@type":"ImageObject","inLanguage":"es","@id":"https:\/\/brooklynpeace.center\/programs\/teaching-peace\/#primaryimage","url":"https:\/\/brooklynpeace.center\/wp-content\/uploads\/2021\/05\/YouTube-logo-e1622494736289.png","contentUrl":"https:\/\/brooklynpeace.center\/wp-content\/uploads\/2021\/05\/YouTube-logo-e1622494736289.png"},{"@type":"BreadcrumbList","@id":"https:\/\/brooklynpeace.center\/programs\/teaching-peace\/#breadcrumb","itemListElement":[{"@type":"ListItem","position":1,"name":"Home","item":"https:\/\/brooklynpeace.center\/"},{"@type":"ListItem","position":2,"name":"Programs","item":"https:\/\/brooklynpeace.center\/programs\/"},{"@type":"ListItem","position":3,"name":"Teaching Peace"}]},{"@type":"WebSite","@id":"https:\/\/brooklynpeace.center\/#website","url":"https:\/\/brooklynpeace.center\/","name":"Brooklyn Peace Center","description":"Promoting Peace Everywhere","potentialAction":[{"@type":"SearchAction","target":{"@type":"EntryPoint","urlTemplate":"https:\/\/brooklynpeace.center\/?s={search_term_string}"},"query-input":{"@type":"PropertyValueSpecification","valueRequired":true,"valueName":"search_term_string"}}],"inLanguage":"es"}]}},"_links":{"self":[{"href":"https:\/\/brooklynpeace.center\/es\/wp-json\/wp\/v2\/pages\/125","targetHints":{"allow":["GET"]}}],"collection":[{"href":"https:\/\/brooklynpeace.center\/es\/wp-json\/wp\/v2\/pages"}],"about":[{"href":"https:\/\/brooklynpeace.center\/es\/wp-json\/wp\/v2\/types\/page"}],"author":[{"embeddable":true,"href":"https:\/\/brooklynpeace.center\/es\/wp-json\/wp\/v2\/users\/2"}],"replies":[{"embeddable":true,"href":"https:\/\/brooklynpeace.center\/es\/wp-json\/wp\/v2\/comments?post=125"}],"version-history":[{"count":7,"href":"https:\/\/brooklynpeace.center\/es\/wp-json\/wp\/v2\/pages\/125\/revisions"}],"predecessor-version":[{"id":407,"href":"https:\/\/brooklynpeace.center\/es\/wp-json\/wp\/v2\/pages\/125\/revisions\/407"}],"up":[{"embeddable":true,"href":"https:\/\/brooklynpeace.center\/es\/wp-json\/wp\/v2\/pages\/114"}],"wp:attachment":[{"href":"https:\/\/brooklynpeace.center\/es\/wp-json\/wp\/v2\/media?parent=125"}],"curies":[{"name":"wp","href":"https:\/\/api.w.org\/{rel}","templated":true}]}}